{"id":303,"date":"2018-02-27T12:38:31","date_gmt":"2018-02-27T11:38:31","guid":{"rendered":"http:\/\/dessine-moi-une-maison.com\/?page_id=303"},"modified":"2018-03-04T16:09:47","modified_gmt":"2018-03-04T15:09:47","slug":"accueuil-activites-architecture-2","status":"publish","type":"page","link":"https:\/\/dessine-moi-une-maison.com\/","title":{"rendered":"Homepage"},"content":{"rendered":"<p>&nbsp;<\/p>\n<p>&nbsp;<\/p>\n<p>&nbsp;<\/p>\n<h3 style=\"text-align: center;\"><\/h3>\n<p>&nbsp;<\/p>\n","protected":false},"excerpt":{"rendered":"<p>&nbsp; &nbsp; &nbsp; &nbsp;<\/p>\n","protected":false},"author":1,"featured_media":0,"parent":0,"menu_order":0,"comment_status":"closed","ping_status":"closed","template":"page-templates\/page_widgetized.php","meta":[],"yoast_head":"<!-- This site is optimized with the Yoast SEO plugin v15.8 - https:\/\/yoast.com\/wordpress\/plugins\/seo\/ -->\n<title>Activit\u00e9s d&#039;architecture pour les particuliers et les professionnels<\/title>\n<meta name=\"description\" content=\"Activit\u00e9s d&#039;architecture urbanisme r\u00e9novation extension neuf maisons individuelles permis de construire formation 3D maquettes conseils urbanisme d\u00e9coration maisons personnalis\u00e9es\" \/>\n<meta name=\"robots\" content=\"index, follow, max-snippet:-1, max-image-preview:large, max-video-preview:-1\" \/>\n<link rel=\"canonical\" href=\"http:\/\/dessine-moi-une-maison.com\/\" \/>\n<meta property=\"og:locale\" content=\"fr_FR\" \/>\n<meta property=\"og:type\" content=\"article\" \/>\n<meta property=\"og:title\" content=\"Activit\u00e9s d&#039;architecture pour les particuliers et les professionnels\" \/>\n<meta property=\"og:description\" content=\"Activit\u00e9s d&#039;architecture urbanisme r\u00e9novation extension neuf maisons individuelles permis de construire formation 3D maquettes conseils urbanisme d\u00e9coration maisons personnalis\u00e9es\" \/>\n<meta property=\"og:url\" content=\"http:\/\/dessine-moi-une-maison.com\/\" \/>\n<meta property=\"og:site_name\" content=\"DESSINE MOI UNE MAISON\" \/>\n<meta property=\"article:publisher\" content=\"https:\/\/www.facebook.com\/dessinemoiunemaison.fr\/\" \/>\n<meta property=\"article:modified_time\" content=\"2018-03-04T15:09:47+00:00\" \/>\n<meta name=\"twitter:card\" content=\"summary\" \/>\n<script type=\"application\/ld+json\" class=\"yoast-schema-graph\">{\"@context\":\"https:\/\/schema.org\",\"@graph\":[{\"@type\":\"WebSite\",\"@id\":\"http:\/\/dessine-moi-une-maison.com\/#website\",\"url\":\"http:\/\/dessine-moi-une-maison.com\/\",\"name\":\"DESSINE MOI UNE MAISON\",\"description\":\"\",\"potentialAction\":[{\"@type\":\"SearchAction\",\"target\":\"http:\/\/dessine-moi-une-maison.com\/?s={search_term_string}\",\"query-input\":\"required name=search_term_string\"}],\"inLanguage\":\"fr-FR\"},{\"@type\":\"WebPage\",\"@id\":\"http:\/\/dessine-moi-une-maison.com\/#webpage\",\"url\":\"http:\/\/dessine-moi-une-maison.com\/\",\"name\":\"Activit\\u00e9s d'architecture pour les particuliers et les professionnels\",\"isPartOf\":{\"@id\":\"http:\/\/dessine-moi-une-maison.com\/#website\"},\"datePublished\":\"2018-02-27T11:38:31+00:00\",\"dateModified\":\"2018-03-04T15:09:47+00:00\",\"description\":\"Activit\\u00e9s d'architecture urbanisme r\\u00e9novation extension neuf maisons individuelles permis de construire formation 3D maquettes conseils urbanisme d\\u00e9coration maisons personnalis\\u00e9es\",\"breadcrumb\":{\"@id\":\"http:\/\/dessine-moi-une-maison.com\/#breadcrumb\"},\"inLanguage\":\"fr-FR\",\"potentialAction\":[{\"@type\":\"ReadAction\",\"target\":[\"http:\/\/dessine-moi-une-maison.com\/\"]}]},{\"@type\":\"BreadcrumbList\",\"@id\":\"http:\/\/dessine-moi-une-maison.com\/#breadcrumb\",\"itemListElement\":[{\"@type\":\"ListItem\",\"position\":1,\"item\":{\"@type\":\"WebPage\",\"@id\":\"http:\/\/dessine-moi-une-maison.com\/\",\"url\":\"http:\/\/dessine-moi-une-maison.com\/\",\"name\":\"Accueil\"}},{\"@type\":\"ListItem\",\"position\":2,\"item\":{\"@type\":\"WebPage\",\"@id\":\"http:\/\/dessine-moi-une-maison.com\/\",\"url\":\"http:\/\/dessine-moi-une-maison.com\/\",\"name\":\"Homepage\"}}]}]}<\/script>\n<!-- \/ Yoast SEO plugin. -->","_links":{"self":[{"href":"https:\/\/dessine-moi-une-maison.com\/index.php\/wp-json\/wp\/v2\/pages\/303"}],"collection":[{"href":"https:\/\/dessine-moi-une-maison.com\/index.php\/wp-json\/wp\/v2\/pages"}],"about":[{"href":"https:\/\/dessine-moi-une-maison.com\/index.php\/wp-json\/wp\/v2\/types\/page"}],"author":[{"embeddable":true,"href":"https:\/\/dessine-moi-une-maison.com\/index.php\/wp-json\/wp\/v2\/users\/1"}],"replies":[{"embeddable":true,"href":"https:\/\/dessine-moi-une-maison.com\/index.php\/wp-json\/wp\/v2\/comments?post=303"}],"version-history":[{"count":4,"href":"https:\/\/dessine-moi-une-maison.com\/index.php\/wp-json\/wp\/v2\/pages\/303\/revisions"}],"predecessor-version":[{"id":417,"href":"https:\/\/dessine-moi-une-maison.com\/index.php\/wp-json\/wp\/v2\/pages\/303\/revisions\/417"}],"wp:attachment":[{"href":"https:\/\/dessine-moi-une-maison.com\/index.php\/wp-json\/wp\/v2\/media?parent=303"}],"curies":[{"name":"wp","href":"https:\/\/api.w.org\/{rel}","templated":true}]}}