{"id":27,"date":"2017-04-18T18:59:10","date_gmt":"2017-04-18T16:59:10","guid":{"rendered":"http:\/\/dessine-moi-une-maison.com\/?page_id=27"},"modified":"2018-02-28T10:42:29","modified_gmt":"2018-02-28T09:42:29","slug":"aides-construction-et-renovation","status":"publish","type":"page","link":"http:\/\/dessine-moi-une-maison.com\/index.php\/aides-construction-et-renovation\/","title":{"rendered":"Activit\u00e9s d&rsquo;architecture"},"content":{"rendered":"<p><img loading=\"lazy\" class=\"aligncenter wp-image-166 size-medium\" src=\"http:\/\/dessine-moi-une-maison.com\/wp-content\/uploads\/2017\/04\/maison_bois_kontio-300x212.jpg\" alt=\"construction maison bois Kontio\" width=\"300\" height=\"212\" srcset=\"http:\/\/dessine-moi-une-maison.com\/wp-content\/uploads\/2017\/04\/maison_bois_kontio-300x212.jpg 300w, http:\/\/dessine-moi-une-maison.com\/wp-content\/uploads\/2017\/04\/maison_bois_kontio-768x543.jpg 768w, http:\/\/dessine-moi-une-maison.com\/wp-content\/uploads\/2017\/04\/maison_bois_kontio-1024x724.jpg 1024w, http:\/\/dessine-moi-une-maison.com\/wp-content\/uploads\/2017\/04\/maison_bois_kontio-700x495.jpg 700w, http:\/\/dessine-moi-une-maison.com\/wp-content\/uploads\/2017\/04\/maison_bois_kontio-520x367.jpg 520w, http:\/\/dessine-moi-une-maison.com\/wp-content\/uploads\/2017\/04\/maison_bois_kontio-360x254.jpg 360w, http:\/\/dessine-moi-une-maison.com\/wp-content\/uploads\/2017\/04\/maison_bois_kontio-250x177.jpg 250w, http:\/\/dessine-moi-une-maison.com\/wp-content\/uploads\/2017\/04\/maison_bois_kontio-100x71.jpg 100w, http:\/\/dessine-moi-une-maison.com\/wp-content\/uploads\/2017\/04\/maison_bois_kontio.jpg 1200w\" sizes=\"(max-width: 300px) 100vw, 300px\" \/><\/p>\n<h3>Pour exercer correctement mon activit\u00e9 et vous satisfaire dans la mission de construction ou de r\u00e9novation que vous allez me confier, voici ma fa\u00e7on de travailler :<\/h3>\n<h3>Lors d\u2019un premier contact , nous allons parler de vos imp\u00e9ratifs,de vos envies, de vos exigences,de la fa\u00e7on de vivre \u00e0 l\u2019int\u00e9rieur de votre future maison etc\u2026<br \/>\nJ\u2019\u00e9coute toutes vos suggestions, je suis attentive, je vous conseille et nous essayons ensemble de donner la direction principale du projet.<br \/>\nUne visite du terrain s\u2019impose et ensuite je vais essayer d\u2019imaginer la maison de vos r\u00eaves tout en respectant votre budget.<br \/>\nJe travaille uniquement sur informatique (<span style=\"color: #000000;\"> <a style=\"color: #000000;\" href=\"#cao\">C.A.O<\/a>. et <a style=\"color: #000000;\" href=\"#dao\">D.A.O<\/a><\/span> ). Apr\u00e8s avoir recueilli un maximum d\u2019informations concernant votre projet je serai \u00e0 m\u00eame de vous proposer ce que l\u2019on appelle un \u00ab\u00a0avant projet personnalis\u00e9\u00a0\u00bb<span style=\"color: #000000;\">(<a style=\"color: #000000;\" href=\"#aps\">APS<\/a>).<\/span> C&rsquo;est une base de travail, pouvant \u00eatre modifi\u00e9 , jusqu&rsquo;\u00e0 ce que vous soyez pleinement satisfait\u2026<\/h3>\n<h3>Lorsque vous penserez ne plus apporter de modifications \u00e0 ma proposition, je r\u00e9aliserai l\u2019avant projet d\u00e9taill\u00e9 <span style=\"color: #000000;\">(<a style=\"color: #000000;\" href=\"#apd\">APD<\/a>)<\/span> qui vous servira de base pour faire r\u00e9aliser votre chiffrage.<\/h3>\n<h3>A cette \u00e9tape de l\u2019\u00e9tude, nous pouvons envisager le <span style=\"color: #000000;\"><a style=\"color: #000000;\" href=\"#permis\">permis de construire<\/a>.<\/span><\/h3>\n<hr \/>\n<h1>A savoir :<\/h1>\n<ol>\n<li>\n<h3>\u00a0Il est imp\u00e9ratif de conna\u00eetre le terrain pour en appr\u00e9cier :<\/h3>\n<p>la topographie,<br \/>\nla vue<br \/>\nle b\u00e2ti existant<br \/>\nl\u2019orientation<br \/>\nl\u2019acc\u00e8s<\/li>\n<li>\n<h3>Il est n\u00e9cessaire que vous connaissiez l\u2019enveloppe budg\u00e9taire de la maison (pour me permettre de r\u00e9aliser un projet adapt\u00e9).<\/h3>\n<h3><img loading=\"lazy\" class=\"wp-image-183 size-medium alignnone\" src=\"http:\/\/dessine-moi-une-maison.com\/wp-content\/uploads\/2017\/04\/projet_de_maison-300x188.jpg\" alt=\"exemple de projet demaison en 3D\" width=\"300\" height=\"188\" srcset=\"http:\/\/dessine-moi-une-maison.com\/wp-content\/uploads\/2017\/04\/projet_de_maison-300x188.jpg 300w, http:\/\/dessine-moi-une-maison.com\/wp-content\/uploads\/2017\/04\/projet_de_maison-768x480.jpg 768w, http:\/\/dessine-moi-une-maison.com\/wp-content\/uploads\/2017\/04\/projet_de_maison-1024x640.jpg 1024w, http:\/\/dessine-moi-une-maison.com\/wp-content\/uploads\/2017\/04\/projet_de_maison-700x438.jpg 700w, http:\/\/dessine-moi-une-maison.com\/wp-content\/uploads\/2017\/04\/projet_de_maison-520x325.jpg 520w, http:\/\/dessine-moi-une-maison.com\/wp-content\/uploads\/2017\/04\/projet_de_maison-360x225.jpg 360w, http:\/\/dessine-moi-une-maison.com\/wp-content\/uploads\/2017\/04\/projet_de_maison-250x156.jpg 250w, http:\/\/dessine-moi-une-maison.com\/wp-content\/uploads\/2017\/04\/projet_de_maison-100x63.jpg 100w, http:\/\/dessine-moi-une-maison.com\/wp-content\/uploads\/2017\/04\/projet_de_maison.jpg 1920w\" sizes=\"(max-width: 300px) 100vw, 300px\" \/><\/h3>\n<\/li>\n<li>\n<h3>Il est indispensable de passer du temps ensemble pour discuter du projet&#8230;<\/h3>\n<\/li>\n<li>\n<h3><img loading=\"lazy\" class=\"alignright wp-image-140 size-medium\" src=\"http:\/\/dessine-moi-une-maison.com\/wp-content\/uploads\/2017\/04\/plan_maison_3D-300x166.jpg\" alt=\"visite virtuelle 3D\" width=\"300\" height=\"166\" srcset=\"http:\/\/dessine-moi-une-maison.com\/wp-content\/uploads\/2017\/04\/plan_maison_3D-300x166.jpg 300w, http:\/\/dessine-moi-une-maison.com\/wp-content\/uploads\/2017\/04\/plan_maison_3D-768x424.jpg 768w, http:\/\/dessine-moi-une-maison.com\/wp-content\/uploads\/2017\/04\/plan_maison_3D-1024x565.jpg 1024w, http:\/\/dessine-moi-une-maison.com\/wp-content\/uploads\/2017\/04\/plan_maison_3D-700x386.jpg 700w, http:\/\/dessine-moi-une-maison.com\/wp-content\/uploads\/2017\/04\/plan_maison_3D-520x287.jpg 520w, http:\/\/dessine-moi-une-maison.com\/wp-content\/uploads\/2017\/04\/plan_maison_3D-360x199.jpg 360w, http:\/\/dessine-moi-une-maison.com\/wp-content\/uploads\/2017\/04\/plan_maison_3D-250x138.jpg 250w, http:\/\/dessine-moi-une-maison.com\/wp-content\/uploads\/2017\/04\/plan_maison_3D-100x55.jpg 100w, http:\/\/dessine-moi-une-maison.com\/wp-content\/uploads\/2017\/04\/plan_maison_3D.jpg 1638w\" sizes=\"(max-width: 300px) 100vw, 300px\" \/><\/h3>\n<h3>Je travaille avec un logiciel tr\u00e8s performant , me permettant de vous pr\u00e9senter votre future maison telle qu\u2019elle sera, de tourner autour (visite virtuelle en 3D), et<\/h3>\n<h3>ainsi d\u2019appr\u00e9cier les d\u00e9tails, la disposition des ouvertures, des toitures, des fa\u00e7ades, etc&#8230; Et le cas \u00e9ch\u00e9ant vous apercevoir du d\u00e9tail qui ne vous convient pas ou que vous n\u2019aviez pas imagin\u00e9 de cette fa\u00e7on, ainsi rien n\u2019est laiss\u00e9 au hasard\u2026<\/h3>\n<\/li>\n<li>\n<h3>L\u2019informatique permet d\u2019agrandir , r\u00e9tr\u00e9cir, instantan\u00e9ment. Gr\u00e2ce \u00e0 cela les surfaces des pi\u00e8ces se modifient en temps r\u00e9el&#8230;<\/h3>\n<\/li>\n<\/ol>\n<hr \/>\n<h1><\/h1>\n<h1><\/h1>\n<h1><\/h1>\n<h1>Petit lexique autours de la construction :<\/h1>\n<h2><a name=\"dao\"><\/a>D.A.O. : Dessin assist\u00e9 par ordinateur<\/h2>\n<h2><a name=\"cao\"><\/a>C.A.O. : Conception assister par ordinateur<\/h2>\n<h2><a name=\"aps\"><\/a>A.P.S. : Avant projet Sommaire personnalis\u00e9<img loading=\"lazy\" class=\"alignright wp-image-176 size-medium\" src=\"http:\/\/dessine-moi-une-maison.com\/wp-content\/uploads\/2017\/04\/avant_projet-262x300.png\" alt=\"Exemple d'avant projet\" width=\"262\" height=\"300\" srcset=\"http:\/\/dessine-moi-une-maison.com\/wp-content\/uploads\/2017\/04\/avant_projet-262x300.png 262w, http:\/\/dessine-moi-une-maison.com\/wp-content\/uploads\/2017\/04\/avant_projet-520x595.png 520w, http:\/\/dessine-moi-une-maison.com\/wp-content\/uploads\/2017\/04\/avant_projet-360x412.png 360w, http:\/\/dessine-moi-une-maison.com\/wp-content\/uploads\/2017\/04\/avant_projet-250x286.png 250w, http:\/\/dessine-moi-une-maison.com\/wp-content\/uploads\/2017\/04\/avant_projet-100x114.png 100w, http:\/\/dessine-moi-une-maison.com\/wp-content\/uploads\/2017\/04\/avant_projet.png 566w\" sizes=\"(max-width: 262px) 100vw, 262px\" \/><\/h2>\n<p>Il pr\u00e9sente un aper\u00e7u de l\u2019habitation et de sa conception ,il indique l\u2019implantation et l\u2019agencement des surfaces et des volumes de pi\u00e8ces. Il comporte une vue en plan 2D, une perspective axonom\u00e9trique de l\u2019int\u00e9rieur ,pour appr\u00e9cier les diff\u00e9rents volumes,une visite virtuelle de votre maison en 3D (sur informatique)..<\/p>\n<h2><a name=\"apd\"><\/a>A.P.D. : Avant projet d\u00e9taill\u00e9<\/h2>\n<p>Il s\u2019agit des vues en plan avec les c\u00f4tes partielles\u2026Il permet un chiffrage approximatif du projet \u2026<\/p>\n<h2><\/h2>\n<h2><\/h2>\n<h2>Permis de construire :<img loading=\"lazy\" class=\"size-medium wp-image-139 alignleft\" src=\"http:\/\/dessine-moi-une-maison.com\/wp-content\/uploads\/2017\/04\/permis_de_construire-300x213.jpg\" alt=\"\" width=\"300\" height=\"213\" srcset=\"http:\/\/dessine-moi-une-maison.com\/wp-content\/uploads\/2017\/04\/permis_de_construire-300x213.jpg 300w, http:\/\/dessine-moi-une-maison.com\/wp-content\/uploads\/2017\/04\/permis_de_construire-768x546.jpg 768w, http:\/\/dessine-moi-une-maison.com\/wp-content\/uploads\/2017\/04\/permis_de_construire-1024x728.jpg 1024w, http:\/\/dessine-moi-une-maison.com\/wp-content\/uploads\/2017\/04\/permis_de_construire-700x498.jpg 700w, http:\/\/dessine-moi-une-maison.com\/wp-content\/uploads\/2017\/04\/permis_de_construire-520x370.jpg 520w, http:\/\/dessine-moi-une-maison.com\/wp-content\/uploads\/2017\/04\/permis_de_construire-360x256.jpg 360w, http:\/\/dessine-moi-une-maison.com\/wp-content\/uploads\/2017\/04\/permis_de_construire-250x178.jpg 250w, http:\/\/dessine-moi-une-maison.com\/wp-content\/uploads\/2017\/04\/permis_de_construire-100x71.jpg 100w, http:\/\/dessine-moi-une-maison.com\/wp-content\/uploads\/2017\/04\/permis_de_construire.jpg 1315w\" sizes=\"(max-width: 300px) 100vw, 300px\" \/><\/h2>\n<p>Autorisation administrative d\u00e9livr\u00e9e \u00e0 l\u2019issue d\u2019une proc\u00e9dure obligatoire de contr\u00f4le de conformit\u00e9 d\u2019un projet de construction avec l\u2019ensemble des dispositions l\u00e9gislatives ou r\u00e9glementaires en vigueur : r\u00e8gles d\u2019urbanisme nationales ou locales ( PLU, POS local, r\u00e8gles de construction, impact sur les sites ) et servitudes de droit public et de droit priv\u00e9.<\/p>\n<h3>Champ d&rsquo;application :<\/h3>\n<p>Toute construction , ainsi que tout am\u00e9nagement modifiant l\u2019aspect ext\u00e9rieur, le volume ou la destination d\u2019une construction existante sont soumis \u00e0 la proc\u00e9dure de demande de permis de construire.<br \/>\nLes exemptions, qui concernent des travaux de faible importance, sont d\u00e9termin\u00e9es par le code de l\u2019urbanisme; une d\u00e9claration doit alors \u00eatre d\u00e9pos\u00e9e en mairie .(R.422-2 du code de l\u2019urbanisme).<\/p>\n<p>&nbsp;<\/p>\n<h1>Ils me font confiance<\/h1>\n<p><a href=\"https:\/\/www.maisondescompagnons.com\/\" target=\"_blank\" rel=\"noopener noreferrer\"><img loading=\"lazy\" class=\"alignnone wp-image-238 size-full\" src=\"http:\/\/dessine-moi-une-maison.com\/wp-content\/uploads\/2017\/04\/maisondescompagnons.png\" alt=\"logo de la maison des compagnons\" width=\"197\" height=\"111\" srcset=\"http:\/\/dessine-moi-une-maison.com\/wp-content\/uploads\/2017\/04\/maisondescompagnons.png 197w, http:\/\/dessine-moi-une-maison.com\/wp-content\/uploads\/2017\/04\/maisondescompagnons-100x56.png 100w\" sizes=\"(max-width: 197px) 100vw, 197px\" \/><\/a><a href=\"http:\/\/www.kontio.fr\/\" target=\"_blank\" rel=\"noopener noreferrer\">\u00a0\u00a0\u00a0\u00a0\u00a0 <img loading=\"lazy\" class=\"alignnone wp-image-240 size-full\" src=\"http:\/\/dessine-moi-une-maison.com\/wp-content\/uploads\/2017\/04\/logo-kontio.gif\" alt=\"logo kontio loghouses\" width=\"273\" height=\"99\" \/><\/a><\/p>\n","protected":false},"excerpt":{"rendered":"<p>Pour exercer correctement mon activit\u00e9 et vous satisfaire dans la mission de construction ou de r\u00e9novation que vous allez me confier, voici ma fa\u00e7on de travailler : Lors d\u2019un premier [&hellip;]<\/p>\n","protected":false},"author":1,"featured_media":0,"parent":0,"menu_order":2,"comment_status":"closed","ping_status":"closed","template":"","meta":[],"yoast_head":"<!-- This site is optimized with the Yoast SEO plugin v15.8 - https:\/\/yoast.com\/wordpress\/plugins\/seo\/ -->\n<title>Aides \u00e0 la construction et la r\u00e9novation pour les prof\u00e9ssionnels et les particuliers<\/title>\n<meta name=\"description\" content=\"J&#039;aide les particuliers et les professionnels dans toutes les \u00e9tapes de la r\u00e9alisation de projets de construction ou de r\u00e9novation.\" \/>\n<meta name=\"robots\" content=\"index, follow, max-snippet:-1, max-image-preview:large, max-video-preview:-1\" \/>\n<link rel=\"canonical\" href=\"http:\/\/dessine-moi-une-maison.com\/index.php\/aides-construction-et-renovation\/\" \/>\n<meta property=\"og:locale\" content=\"fr_FR\" \/>\n<meta property=\"og:type\" content=\"article\" \/>\n<meta property=\"og:title\" content=\"Aides \u00e0 la construction et la r\u00e9novation pour les prof\u00e9ssionnels et les particuliers\" \/>\n<meta property=\"og:description\" content=\"J&#039;aide les particuliers et les professionnels dans toutes les \u00e9tapes de la r\u00e9alisation de projets de construction ou de r\u00e9novation.\" \/>\n<meta property=\"og:url\" content=\"http:\/\/dessine-moi-une-maison.com\/index.php\/aides-construction-et-renovation\/\" \/>\n<meta property=\"og:site_name\" content=\"DESSINE MOI UNE MAISON\" \/>\n<meta property=\"article:publisher\" content=\"https:\/\/www.facebook.com\/dessinemoiunemaison.fr\/\" \/>\n<meta property=\"article:modified_time\" content=\"2018-02-28T09:42:29+00:00\" \/>\n<meta property=\"og:image\" content=\"http:\/\/dessine-moi-une-maison.com\/wp-content\/uploads\/2017\/04\/maison_bois_kontio-300x212.jpg\" \/>\n<meta name=\"twitter:card\" content=\"summary\" \/>\n<meta name=\"twitter:label1\" content=\"Dur\u00e9e de lecture est.\">\n\t<meta name=\"twitter:data1\" content=\"3 minutes\">\n<script type=\"application\/ld+json\" class=\"yoast-schema-graph\">{\"@context\":\"https:\/\/schema.org\",\"@graph\":[{\"@type\":\"WebSite\",\"@id\":\"http:\/\/dessine-moi-une-maison.com\/#website\",\"url\":\"http:\/\/dessine-moi-une-maison.com\/\",\"name\":\"DESSINE MOI UNE MAISON\",\"description\":\"\",\"potentialAction\":[{\"@type\":\"SearchAction\",\"target\":\"http:\/\/dessine-moi-une-maison.com\/?s={search_term_string}\",\"query-input\":\"required name=search_term_string\"}],\"inLanguage\":\"fr-FR\"},{\"@type\":\"ImageObject\",\"@id\":\"http:\/\/dessine-moi-une-maison.com\/index.php\/aides-construction-et-renovation\/#primaryimage\",\"inLanguage\":\"fr-FR\",\"url\":\"http:\/\/dessine-moi-une-maison.com\/wp-content\/uploads\/2017\/04\/maison_bois_kontio.jpg\",\"width\":1200,\"height\":848},{\"@type\":\"WebPage\",\"@id\":\"http:\/\/dessine-moi-une-maison.com\/index.php\/aides-construction-et-renovation\/#webpage\",\"url\":\"http:\/\/dessine-moi-une-maison.com\/index.php\/aides-construction-et-renovation\/\",\"name\":\"Aides \\u00e0 la construction et la r\\u00e9novation pour les prof\\u00e9ssionnels et les particuliers\",\"isPartOf\":{\"@id\":\"http:\/\/dessine-moi-une-maison.com\/#website\"},\"primaryImageOfPage\":{\"@id\":\"http:\/\/dessine-moi-une-maison.com\/index.php\/aides-construction-et-renovation\/#primaryimage\"},\"datePublished\":\"2017-04-18T16:59:10+00:00\",\"dateModified\":\"2018-02-28T09:42:29+00:00\",\"description\":\"J'aide les particuliers et les professionnels dans toutes les \\u00e9tapes de la r\\u00e9alisation de projets de construction ou de r\\u00e9novation.\",\"breadcrumb\":{\"@id\":\"http:\/\/dessine-moi-une-maison.com\/index.php\/aides-construction-et-renovation\/#breadcrumb\"},\"inLanguage\":\"fr-FR\",\"potentialAction\":[{\"@type\":\"ReadAction\",\"target\":[\"http:\/\/dessine-moi-une-maison.com\/index.php\/aides-construction-et-renovation\/\"]}]},{\"@type\":\"BreadcrumbList\",\"@id\":\"http:\/\/dessine-moi-une-maison.com\/index.php\/aides-construction-et-renovation\/#breadcrumb\",\"itemListElement\":[{\"@type\":\"ListItem\",\"position\":1,\"item\":{\"@type\":\"WebPage\",\"@id\":\"http:\/\/dessine-moi-une-maison.com\/\",\"url\":\"http:\/\/dessine-moi-une-maison.com\/\",\"name\":\"Accueil\"}},{\"@type\":\"ListItem\",\"position\":2,\"item\":{\"@type\":\"WebPage\",\"@id\":\"http:\/\/dessine-moi-une-maison.com\/index.php\/aides-construction-et-renovation\/\",\"url\":\"http:\/\/dessine-moi-une-maison.com\/index.php\/aides-construction-et-renovation\/\",\"name\":\"Activit\\u00e9s d&rsquo;architecture\"}}]}]}<\/script>\n<!-- \/ Yoast SEO plugin. -->","_links":{"self":[{"href":"http:\/\/dessine-moi-une-maison.com\/index.php\/wp-json\/wp\/v2\/pages\/27"}],"collection":[{"href":"http:\/\/dessine-moi-une-maison.com\/index.php\/wp-json\/wp\/v2\/pages"}],"about":[{"href":"http:\/\/dessine-moi-une-maison.com\/index.php\/wp-json\/wp\/v2\/types\/page"}],"author":[{"embeddable":true,"href":"http:\/\/dessine-moi-une-maison.com\/index.php\/wp-json\/wp\/v2\/users\/1"}],"replies":[{"embeddable":true,"href":"http:\/\/dessine-moi-une-maison.com\/index.php\/wp-json\/wp\/v2\/comments?post=27"}],"version-history":[{"count":38,"href":"http:\/\/dessine-moi-une-maison.com\/index.php\/wp-json\/wp\/v2\/pages\/27\/revisions"}],"predecessor-version":[{"id":384,"href":"http:\/\/dessine-moi-une-maison.com\/index.php\/wp-json\/wp\/v2\/pages\/27\/revisions\/384"}],"wp:attachment":[{"href":"http:\/\/dessine-moi-une-maison.com\/index.php\/wp-json\/wp\/v2\/media?parent=27"}],"curies":[{"name":"wp","href":"https:\/\/api.w.org\/{rel}","templated":true}]}}