{"id":25,"date":"2017-04-18T18:57:45","date_gmt":"2017-04-18T16:57:45","guid":{"rendered":"http:\/\/dessine-moi-une-maison.com\/?page_id=25"},"modified":"2017-05-08T17:00:19","modified_gmt":"2017-05-08T15:00:19","slug":"amenagement-interieur","status":"publish","type":"page","link":"http:\/\/dessine-moi-une-maison.com\/index.php\/amenagement-interieur\/","title":{"rendered":"Am\u00e9nagement int\u00e9rieur, cuisine, salle de bains et dressing"},"content":{"rendered":"<h3>Je vous aide \u00e0 d\u00e9finir, concevoir, r\u00e9aliser vos int\u00e9rieurs.<br \/>\nEn fonction de vos envies, de votre style de vie et de votre budget, nous pouvons trouver ensemble l&rsquo;am\u00e9nagement optimum.<\/h3>\n<h3>Cuisine, salle de bain, dressing ou toutes autres pi\u00e8ces de vos int\u00e9rieurs.<\/h3>\n<h3>Gr\u00e2ce \u00e0 un logiciel \u00e0 la pointe de la technologie et \u00e0 la r\u00e9alit\u00e9 virtuelle, vous pourrez parcourir vos nouveaux am\u00e9nagements.<\/h3>\n<h3>voyez quelques exemples de mes r\u00e9alisations :<\/h3>\n<h1>Am\u00e9nagement int\u00e9rieur<\/h1>\n<h1><\/h1>\n<figure id=\"attachment_250\" aria-describedby=\"caption-attachment-250\" style=\"width: 300px\" class=\"wp-caption aligncenter\"><img loading=\"lazy\" class=\"wp-image-250 size-medium\" src=\"http:\/\/dessine-moi-une-maison.com\/wp-content\/uploads\/2017\/04\/amenagement_interieur-300x166.jpg\" alt=\"Am\u00e9nagement int\u00e9rieur\" width=\"300\" height=\"166\" srcset=\"http:\/\/dessine-moi-une-maison.com\/wp-content\/uploads\/2017\/04\/amenagement_interieur-300x166.jpg 300w, http:\/\/dessine-moi-une-maison.com\/wp-content\/uploads\/2017\/04\/amenagement_interieur-768x424.jpg 768w, http:\/\/dessine-moi-une-maison.com\/wp-content\/uploads\/2017\/04\/amenagement_interieur-1024x565.jpg 1024w, http:\/\/dessine-moi-une-maison.com\/wp-content\/uploads\/2017\/04\/amenagement_interieur-700x386.jpg 700w, http:\/\/dessine-moi-une-maison.com\/wp-content\/uploads\/2017\/04\/amenagement_interieur-520x287.jpg 520w, http:\/\/dessine-moi-une-maison.com\/wp-content\/uploads\/2017\/04\/amenagement_interieur-360x199.jpg 360w, http:\/\/dessine-moi-une-maison.com\/wp-content\/uploads\/2017\/04\/amenagement_interieur-250x138.jpg 250w, http:\/\/dessine-moi-une-maison.com\/wp-content\/uploads\/2017\/04\/amenagement_interieur-100x55.jpg 100w, http:\/\/dessine-moi-une-maison.com\/wp-content\/uploads\/2017\/04\/amenagement_interieur.jpg 1638w\" sizes=\"(max-width: 300px) 100vw, 300px\" \/><figcaption id=\"caption-attachment-250\" class=\"wp-caption-text\">Exemple d&rsquo;am\u00e9nagement int\u00e9rieur<\/figcaption><\/figure>\n<p>&nbsp;<\/p>\n<h1>Cuisine<\/h1>\n<figure id=\"attachment_251\" aria-describedby=\"caption-attachment-251\" style=\"width: 300px\" class=\"wp-caption aligncenter\"><img loading=\"lazy\" class=\"wp-image-251 size-medium\" src=\"http:\/\/dessine-moi-une-maison.com\/wp-content\/uploads\/2017\/04\/amenagement_cuisine-300x166.jpg\" alt=\"Cuisine\" width=\"300\" height=\"166\" srcset=\"http:\/\/dessine-moi-une-maison.com\/wp-content\/uploads\/2017\/04\/amenagement_cuisine-300x166.jpg 300w, http:\/\/dessine-moi-une-maison.com\/wp-content\/uploads\/2017\/04\/amenagement_cuisine-768x424.jpg 768w, http:\/\/dessine-moi-une-maison.com\/wp-content\/uploads\/2017\/04\/amenagement_cuisine-1024x565.jpg 1024w, http:\/\/dessine-moi-une-maison.com\/wp-content\/uploads\/2017\/04\/amenagement_cuisine-700x386.jpg 700w, http:\/\/dessine-moi-une-maison.com\/wp-content\/uploads\/2017\/04\/amenagement_cuisine-520x287.jpg 520w, http:\/\/dessine-moi-une-maison.com\/wp-content\/uploads\/2017\/04\/amenagement_cuisine-360x199.jpg 360w, http:\/\/dessine-moi-une-maison.com\/wp-content\/uploads\/2017\/04\/amenagement_cuisine-250x138.jpg 250w, http:\/\/dessine-moi-une-maison.com\/wp-content\/uploads\/2017\/04\/amenagement_cuisine-100x55.jpg 100w, http:\/\/dessine-moi-une-maison.com\/wp-content\/uploads\/2017\/04\/amenagement_cuisine.jpg 1638w\" sizes=\"(max-width: 300px) 100vw, 300px\" \/><figcaption id=\"caption-attachment-251\" class=\"wp-caption-text\">Exemple de cuisine<\/figcaption><\/figure>\n<p>&nbsp;<\/p>\n<h1>\u00a0Salle de bains<\/h1>\n<figure id=\"attachment_255\" aria-describedby=\"caption-attachment-255\" style=\"width: 224px\" class=\"wp-caption aligncenter\"><img loading=\"lazy\" class=\"wp-image-255 size-medium\" src=\"http:\/\/dessine-moi-une-maison.com\/wp-content\/uploads\/2017\/04\/salledebain-224x300.jpg\" alt=\"salle de bain\" width=\"224\" height=\"300\" srcset=\"http:\/\/dessine-moi-une-maison.com\/wp-content\/uploads\/2017\/04\/salledebain-224x300.jpg 224w, http:\/\/dessine-moi-une-maison.com\/wp-content\/uploads\/2017\/04\/salledebain-700x937.jpg 700w, http:\/\/dessine-moi-une-maison.com\/wp-content\/uploads\/2017\/04\/salledebain-520x696.jpg 520w, http:\/\/dessine-moi-une-maison.com\/wp-content\/uploads\/2017\/04\/salledebain-360x482.jpg 360w, http:\/\/dessine-moi-une-maison.com\/wp-content\/uploads\/2017\/04\/salledebain-250x335.jpg 250w, http:\/\/dessine-moi-une-maison.com\/wp-content\/uploads\/2017\/04\/salledebain-100x134.jpg 100w, http:\/\/dessine-moi-une-maison.com\/wp-content\/uploads\/2017\/04\/salledebain.jpg 717w\" sizes=\"(max-width: 224px) 100vw, 224px\" \/><figcaption id=\"caption-attachment-255\" class=\"wp-caption-text\">Exemple de salle de bain<\/figcaption><\/figure>\n<h1>Dressing<\/h1>\n<p>&nbsp;<\/p>\n<p>&nbsp;<\/p>\n","protected":false},"excerpt":{"rendered":"<p>Je vous aide \u00e0 d\u00e9finir, concevoir, r\u00e9aliser vos int\u00e9rieurs. En fonction de vos envies, de votre style de vie et de votre budget, nous pouvons trouver ensemble l&rsquo;am\u00e9nagement optimum. Cuisine, [&hellip;]<\/p>\n","protected":false},"author":1,"featured_media":0,"parent":0,"menu_order":3,"comment_status":"closed","ping_status":"closed","template":"","meta":[],"yoast_head":"<!-- This site is optimized with the Yoast SEO plugin v15.8 - https:\/\/yoast.com\/wordpress\/plugins\/seo\/ -->\n<title>am\u00e9nagement int\u00e9rieur, cuisine, salle de bain et dressing<\/title>\n<meta name=\"description\" content=\"Tout l&#039;am\u00e9nagement de vos int\u00e9rieurs, conception de cuisines, salle de bain et dressing a vos besoins et adpat\u00e9s aux volumes des pi\u00e8ces et \u00e0 vos envies.\" \/>\n<meta name=\"robots\" content=\"index, follow, max-snippet:-1, max-image-preview:large, max-video-preview:-1\" \/>\n<link rel=\"canonical\" href=\"https:\/\/dessine-moi-une-maison.com\/index.php\/amenagement-interieur\/\" \/>\n<meta property=\"og:locale\" content=\"fr_FR\" \/>\n<meta property=\"og:type\" content=\"article\" \/>\n<meta property=\"og:title\" content=\"am\u00e9nagement int\u00e9rieur, cuisine, salle de bain et dressing\" \/>\n<meta property=\"og:description\" content=\"Tout l&#039;am\u00e9nagement de vos int\u00e9rieurs, conception de cuisines, salle de bain et dressing a vos besoins et adpat\u00e9s aux volumes des pi\u00e8ces et \u00e0 vos envies.\" \/>\n<meta property=\"og:url\" content=\"https:\/\/dessine-moi-une-maison.com\/index.php\/amenagement-interieur\/\" \/>\n<meta property=\"og:site_name\" content=\"DESSINE MOI UNE MAISON\" \/>\n<meta property=\"article:publisher\" content=\"https:\/\/www.facebook.com\/dessinemoiunemaison.fr\/\" \/>\n<meta property=\"article:modified_time\" content=\"2017-05-08T15:00:19+00:00\" \/>\n<meta property=\"og:image\" content=\"http:\/\/dessine-moi-une-maison.com\/wp-content\/uploads\/2017\/04\/amenagement_interieur-300x166.jpg\" \/>\n<meta name=\"twitter:card\" content=\"summary\" \/>\n<meta name=\"twitter:label1\" content=\"Dur\u00e9e de lecture est.\">\n\t<meta name=\"twitter:data1\" content=\"1 minute\">\n<script type=\"application\/ld+json\" class=\"yoast-schema-graph\">{\"@context\":\"https:\/\/schema.org\",\"@graph\":[{\"@type\":\"WebSite\",\"@id\":\"https:\/\/dessine-moi-une-maison.com\/#website\",\"url\":\"https:\/\/dessine-moi-une-maison.com\/\",\"name\":\"DESSINE MOI UNE MAISON\",\"description\":\"\",\"potentialAction\":[{\"@type\":\"SearchAction\",\"target\":\"https:\/\/dessine-moi-une-maison.com\/?s={search_term_string}\",\"query-input\":\"required name=search_term_string\"}],\"inLanguage\":\"fr-FR\"},{\"@type\":\"ImageObject\",\"@id\":\"https:\/\/dessine-moi-une-maison.com\/index.php\/amenagement-interieur\/#primaryimage\",\"inLanguage\":\"fr-FR\",\"url\":\"http:\/\/dessine-moi-une-maison.com\/wp-content\/uploads\/2017\/04\/amenagement_interieur.jpg\",\"width\":1638,\"height\":904},{\"@type\":\"WebPage\",\"@id\":\"https:\/\/dessine-moi-une-maison.com\/index.php\/amenagement-interieur\/#webpage\",\"url\":\"https:\/\/dessine-moi-une-maison.com\/index.php\/amenagement-interieur\/\",\"name\":\"am\\u00e9nagement int\\u00e9rieur, cuisine, salle de bain et dressing\",\"isPartOf\":{\"@id\":\"https:\/\/dessine-moi-une-maison.com\/#website\"},\"primaryImageOfPage\":{\"@id\":\"https:\/\/dessine-moi-une-maison.com\/index.php\/amenagement-interieur\/#primaryimage\"},\"datePublished\":\"2017-04-18T16:57:45+00:00\",\"dateModified\":\"2017-05-08T15:00:19+00:00\",\"description\":\"Tout l'am\\u00e9nagement de vos int\\u00e9rieurs, conception de cuisines, salle de bain et dressing a vos besoins et adpat\\u00e9s aux volumes des pi\\u00e8ces et \\u00e0 vos envies.\",\"breadcrumb\":{\"@id\":\"https:\/\/dessine-moi-une-maison.com\/index.php\/amenagement-interieur\/#breadcrumb\"},\"inLanguage\":\"fr-FR\",\"potentialAction\":[{\"@type\":\"ReadAction\",\"target\":[\"https:\/\/dessine-moi-une-maison.com\/index.php\/amenagement-interieur\/\"]}]},{\"@type\":\"BreadcrumbList\",\"@id\":\"https:\/\/dessine-moi-une-maison.com\/index.php\/amenagement-interieur\/#breadcrumb\",\"itemListElement\":[{\"@type\":\"ListItem\",\"position\":1,\"item\":{\"@type\":\"WebPage\",\"@id\":\"https:\/\/dessine-moi-une-maison.com\/\",\"url\":\"https:\/\/dessine-moi-une-maison.com\/\",\"name\":\"Accueil\"}},{\"@type\":\"ListItem\",\"position\":2,\"item\":{\"@type\":\"WebPage\",\"@id\":\"https:\/\/dessine-moi-une-maison.com\/index.php\/amenagement-interieur\/\",\"url\":\"https:\/\/dessine-moi-une-maison.com\/index.php\/amenagement-interieur\/\",\"name\":\"Am\\u00e9nagement int\\u00e9rieur, cuisine, salle de bains et dressing\"}}]}]}<\/script>\n<!-- \/ Yoast SEO plugin. -->","_links":{"self":[{"href":"http:\/\/dessine-moi-une-maison.com\/index.php\/wp-json\/wp\/v2\/pages\/25"}],"collection":[{"href":"http:\/\/dessine-moi-une-maison.com\/index.php\/wp-json\/wp\/v2\/pages"}],"about":[{"href":"http:\/\/dessine-moi-une-maison.com\/index.php\/wp-json\/wp\/v2\/types\/page"}],"author":[{"embeddable":true,"href":"http:\/\/dessine-moi-une-maison.com\/index.php\/wp-json\/wp\/v2\/users\/1"}],"replies":[{"embeddable":true,"href":"http:\/\/dessine-moi-une-maison.com\/index.php\/wp-json\/wp\/v2\/comments?post=25"}],"version-history":[{"count":11,"href":"http:\/\/dessine-moi-une-maison.com\/index.php\/wp-json\/wp\/v2\/pages\/25\/revisions"}],"predecessor-version":[{"id":261,"href":"http:\/\/dessine-moi-une-maison.com\/index.php\/wp-json\/wp\/v2\/pages\/25\/revisions\/261"}],"wp:attachment":[{"href":"http:\/\/dessine-moi-une-maison.com\/index.php\/wp-json\/wp\/v2\/media?parent=25"}],"curies":[{"name":"wp","href":"https:\/\/api.w.org\/{rel}","templated":true}]}}